{"id":753,"date":"2025-11-05T15:54:53","date_gmt":"2025-11-05T15:54:53","guid":{"rendered":"https:\/\/farmaciasariaza.com.mx\/anterior\/?post_type=product&#038;p=753"},"modified":"2025-11-05T18:35:40","modified_gmt":"2025-11-05T18:35:40","slug":"ladexgel-capsulas","status":"publish","type":"product","link":"https:\/\/farmaciasariaza.com.mx\/anterior\/product\/ladexgel-capsulas\/","title":{"rendered":"LADEXGEL CAPSULAS"},"content":{"rendered":"<p><strong>Ladexgel C\u00e1psulas combina componentes con acci\u00f3n analg\u00e9sica y antiinflamatoria, \u00fatil en dolores musculares, articulares, dolor dental, cefalea y molestias por lesiones menores.<\/strong><br data-start=\"582\" data-end=\"585\" \/><strong>Su uso debe ser por periodos cortos y siguiendo la dosis recomendada para evitar irritaci\u00f3n gastrointestinal y otros efectos adversos.<\/strong><\/p>\n","protected":false},"excerpt":{"rendered":"<p data-start=\"178\" data-end=\"343\"><strong data-start=\"178\" data-end=\"199\">Ladexgel C\u00e1psulas<\/strong> es un analg\u00e9sico y antiinflamatorio indicado para aliviar dolor leve a moderado y procesos inflamatorios en m\u00fasculos, articulaciones o cefalea.<\/p>\n","protected":false},"featured_media":754,"comment_status":"open","ping_status":"closed","template":"","meta":[],"product_brand":[],"product_cat":[23],"product_tag":[],"class_list":{"0":"post-753","1":"product","2":"type-product","3":"status-publish","4":"has-post-thumbnail","6":"product_cat-ofertas-otono","8":"first","9":"instock","10":"shipping-taxable","11":"purchasable","12":"product-type-simple"},"_links":{"self":[{"href":"https:\/\/farmaciasariaza.com.mx\/anterior\/wp-json\/wp\/v2\/product\/753","targetHints":{"allow":["GET"]}}],"collection":[{"href":"https:\/\/farmaciasariaza.com.mx\/anterior\/wp-json\/wp\/v2\/product"}],"about":[{"href":"https:\/\/farmaciasariaza.com.mx\/anterior\/wp-json\/wp\/v2\/types\/product"}],"replies":[{"embeddable":true,"href":"https:\/\/farmaciasariaza.com.mx\/anterior\/wp-json\/wp\/v2\/comments?post=753"}],"wp:featuredmedia":[{"embeddable":true,"href":"https:\/\/farmaciasariaza.com.mx\/anterior\/wp-json\/wp\/v2\/media\/754"}],"wp:attachment":[{"href":"https:\/\/farmaciasariaza.com.mx\/anterior\/wp-json\/wp\/v2\/media?parent=753"}],"wp:term":[{"taxonomy":"product_brand","embeddable":true,"href":"https:\/\/farmaciasariaza.com.mx\/anterior\/wp-json\/wp\/v2\/product_brand?post=753"},{"taxonomy":"product_cat","embeddable":true,"href":"https:\/\/farmaciasariaza.com.mx\/anterior\/wp-json\/wp\/v2\/product_cat?post=753"},{"taxonomy":"product_tag","embeddable":true,"href":"https:\/\/farmaciasariaza.com.mx\/anterior\/wp-json\/wp\/v2\/product_tag?post=753"}],"curies":[{"name":"wp","href":"https:\/\/api.w.org\/{rel}","templated":true}]}}