{"id":751,"date":"2025-11-05T15:51:44","date_gmt":"2025-11-05T15:51:44","guid":{"rendered":"https:\/\/farmaciasariaza.com.mx\/anterior\/?post_type=product&#038;p=751"},"modified":"2025-11-05T15:51:44","modified_gmt":"2025-11-05T15:51:44","slug":"gelmicin-crema","status":"publish","type":"product","link":"https:\/\/farmaciasariaza.com.mx\/anterior\/product\/gelmicin-crema\/","title":{"rendered":"GELMICIN CREMA"},"content":{"rendered":"<p><strong>Gelmicin Crema combina un corticosteroide, un antibi\u00f3tico y un antimic\u00f3tico para tratar afecciones inflamatorias de la piel asociadas a infecciones bacterianas y\/o por hongos.<\/strong><br data-start=\"600\" data-end=\"603\" \/><strong>Ayuda a reducir s\u00edntomas como comez\u00f3n, inflamaci\u00f3n y enrojecimiento, mientras elimina microorganismos causantes del cuadro.<\/strong><\/p>\n<p><br data-start=\"730\" data-end=\"733\" \/><strong>Uso externo exclusivo y bajo supervisi\u00f3n m\u00e9dica.<\/strong><\/p>\n","protected":false},"excerpt":{"rendered":"<p><strong data-start=\"175\" data-end=\"193\">Gelmicin Crema<\/strong> es un tratamiento dermatol\u00f3gico con acci\u00f3n antiinflamatoria, antibacteriana y antimic\u00f3tica, indicado en infecciones de la piel con irritaci\u00f3n, enrojecimiento o picaz\u00f3n.<\/p>\n","protected":false},"featured_media":752,"comment_status":"open","ping_status":"closed","template":"","meta":[],"product_brand":[],"product_cat":[23],"product_tag":[],"class_list":{"0":"post-751","1":"product","2":"type-product","3":"status-publish","4":"has-post-thumbnail","6":"product_cat-ofertas-otono","8":"first","9":"instock","10":"shipping-taxable","11":"purchasable","12":"product-type-simple"},"_links":{"self":[{"href":"https:\/\/farmaciasariaza.com.mx\/anterior\/wp-json\/wp\/v2\/product\/751","targetHints":{"allow":["GET"]}}],"collection":[{"href":"https:\/\/farmaciasariaza.com.mx\/anterior\/wp-json\/wp\/v2\/product"}],"about":[{"href":"https:\/\/farmaciasariaza.com.mx\/anterior\/wp-json\/wp\/v2\/types\/product"}],"replies":[{"embeddable":true,"href":"https:\/\/farmaciasariaza.com.mx\/anterior\/wp-json\/wp\/v2\/comments?post=751"}],"wp:featuredmedia":[{"embeddable":true,"href":"https:\/\/farmaciasariaza.com.mx\/anterior\/wp-json\/wp\/v2\/media\/752"}],"wp:attachment":[{"href":"https:\/\/farmaciasariaza.com.mx\/anterior\/wp-json\/wp\/v2\/media?parent=751"}],"wp:term":[{"taxonomy":"product_brand","embeddable":true,"href":"https:\/\/farmaciasariaza.com.mx\/anterior\/wp-json\/wp\/v2\/product_brand?post=751"},{"taxonomy":"product_cat","embeddable":true,"href":"https:\/\/farmaciasariaza.com.mx\/anterior\/wp-json\/wp\/v2\/product_cat?post=751"},{"taxonomy":"product_tag","embeddable":true,"href":"https:\/\/farmaciasariaza.com.mx\/anterior\/wp-json\/wp\/v2\/product_tag?post=751"}],"curies":[{"name":"wp","href":"https:\/\/api.w.org\/{rel}","templated":true}]}}