{"id":749,"date":"2025-11-05T15:47:55","date_gmt":"2025-11-05T15:47:55","guid":{"rendered":"https:\/\/farmaciasariaza.com.mx\/anterior\/?post_type=product&#038;p=749"},"modified":"2025-11-05T18:20:34","modified_gmt":"2025-11-05T18:20:34","slug":"terbinafina-30g-crema-erbitrax","status":"publish","type":"product","link":"https:\/\/farmaciasariaza.com.mx\/anterior\/product\/terbinafina-30g-crema-erbitrax\/","title":{"rendered":"TERBINAFINA 30G CREMA (ERBITRAX)"},"content":{"rendered":"<p data-start=\"388\" data-end=\"755\"><strong>Erbitrax (Terbinafina 30 g en crema) es un antif\u00fangico de uso externo utilizado en infecciones cut\u00e1neas por hongos, incluyendo ti\u00f1a en pies, ingles o cuerpo, as\u00ed como candidiasis de la piel.<\/strong><\/p>\n<p data-start=\"388\" data-end=\"755\"><br data-start=\"582\" data-end=\"585\" \/><strong>Act\u00faa eliminando el hongo al alterar su membrana celular. Se recomienda aplicar \u00fanicamente sobre piel limpia y seca, siguiendo la dosis y tiempo de tratamiento indicados.<\/strong><\/p>\n","protected":false},"excerpt":{"rendered":"<p>Erbitrax (Terbinafina 30 g en crema) es un antif\u00fangico de uso externo utilizado en infecciones cut\u00e1neas por hongos, incluyendo ti\u00f1a en pies, ingles o cuerpo, as\u00ed como candidiasis de la piel. Act\u00faa eliminando el hongo al alterar su membrana celular. Se recomienda aplicar \u00fanicamente sobre piel limpia y seca, siguiendo la dosis y tiempo de [&hellip;]<\/p>\n","protected":false},"featured_media":750,"comment_status":"open","ping_status":"closed","template":"","meta":[],"product_brand":[],"product_cat":[23],"product_tag":[48,49,45],"class_list":{"0":"post-749","1":"product","2":"type-product","3":"status-publish","4":"has-post-thumbnail","6":"product_cat-ofertas-otono","7":"product_tag-crema","8":"product_tag-pie-de-atleta","9":"product_tag-pomada","11":"first","12":"instock","13":"shipping-taxable","14":"purchasable","15":"product-type-simple"},"_links":{"self":[{"href":"https:\/\/farmaciasariaza.com.mx\/anterior\/wp-json\/wp\/v2\/product\/749","targetHints":{"allow":["GET"]}}],"collection":[{"href":"https:\/\/farmaciasariaza.com.mx\/anterior\/wp-json\/wp\/v2\/product"}],"about":[{"href":"https:\/\/farmaciasariaza.com.mx\/anterior\/wp-json\/wp\/v2\/types\/product"}],"replies":[{"embeddable":true,"href":"https:\/\/farmaciasariaza.com.mx\/anterior\/wp-json\/wp\/v2\/comments?post=749"}],"wp:featuredmedia":[{"embeddable":true,"href":"https:\/\/farmaciasariaza.com.mx\/anterior\/wp-json\/wp\/v2\/media\/750"}],"wp:attachment":[{"href":"https:\/\/farmaciasariaza.com.mx\/anterior\/wp-json\/wp\/v2\/media?parent=749"}],"wp:term":[{"taxonomy":"product_brand","embeddable":true,"href":"https:\/\/farmaciasariaza.com.mx\/anterior\/wp-json\/wp\/v2\/product_brand?post=749"},{"taxonomy":"product_cat","embeddable":true,"href":"https:\/\/farmaciasariaza.com.mx\/anterior\/wp-json\/wp\/v2\/product_cat?post=749"},{"taxonomy":"product_tag","embeddable":true,"href":"https:\/\/farmaciasariaza.com.mx\/anterior\/wp-json\/wp\/v2\/product_tag?post=749"}],"curies":[{"name":"wp","href":"https:\/\/api.w.org\/{rel}","templated":true}]}}