{"id":745,"date":"2025-11-05T15:36:59","date_gmt":"2025-11-05T15:36:59","guid":{"rendered":"https:\/\/farmaciasariaza.com.mx\/anterior\/?post_type=product&#038;p=745"},"modified":"2025-11-05T15:36:59","modified_gmt":"2025-11-05T15:36:59","slug":"ibuprofeno-400-mg-algidol","status":"publish","type":"product","link":"https:\/\/farmaciasariaza.com.mx\/anterior\/product\/ibuprofeno-400-mg-algidol\/","title":{"rendered":"IBUPROFENO 400 MG (ALGIDOL)"},"content":{"rendered":"<p><strong>Ibuprofeno 400 mg (Algidol) pertenece al grupo de los antiinflamatorios no esteroideos (AINEs). Est\u00e1 indicado para el alivio de dolor por cefalea, dolor dental, muscular, c\u00f3licos menstruales, as\u00ed como fiebre y malestar por resfriado com\u00fan.<\/strong><\/p>\n<p><br data-start=\"647\" data-end=\"650\" \/><strong>Se recomienda su uso por periodos cortos y siempre siguiendo la dosis indicada para evitar efectos gastrointestinales.<\/strong><\/p>\n","protected":false},"excerpt":{"rendered":"<p><strong data-start=\"192\" data-end=\"223\">Ibuprofeno 400 mg (Algidol)<\/strong> es un analg\u00e9sico y antiinflamatorio indicado para aliviar dolor leve a moderado, inflamaci\u00f3n y fiebre de diversas causas.<\/p>\n","protected":false},"featured_media":746,"comment_status":"open","ping_status":"closed","template":"","meta":[],"product_brand":[],"product_cat":[23],"product_tag":[42,36,43],"class_list":{"0":"post-745","1":"product","2":"type-product","3":"status-publish","4":"has-post-thumbnail","6":"product_cat-ofertas-otono","7":"product_tag-algidol","8":"product_tag-dolor","9":"product_tag-ibuprofeno","11":"first","12":"instock","13":"shipping-taxable","14":"purchasable","15":"product-type-simple"},"_links":{"self":[{"href":"https:\/\/farmaciasariaza.com.mx\/anterior\/wp-json\/wp\/v2\/product\/745","targetHints":{"allow":["GET"]}}],"collection":[{"href":"https:\/\/farmaciasariaza.com.mx\/anterior\/wp-json\/wp\/v2\/product"}],"about":[{"href":"https:\/\/farmaciasariaza.com.mx\/anterior\/wp-json\/wp\/v2\/types\/product"}],"replies":[{"embeddable":true,"href":"https:\/\/farmaciasariaza.com.mx\/anterior\/wp-json\/wp\/v2\/comments?post=745"}],"wp:featuredmedia":[{"embeddable":true,"href":"https:\/\/farmaciasariaza.com.mx\/anterior\/wp-json\/wp\/v2\/media\/746"}],"wp:attachment":[{"href":"https:\/\/farmaciasariaza.com.mx\/anterior\/wp-json\/wp\/v2\/media?parent=745"}],"wp:term":[{"taxonomy":"product_brand","embeddable":true,"href":"https:\/\/farmaciasariaza.com.mx\/anterior\/wp-json\/wp\/v2\/product_brand?post=745"},{"taxonomy":"product_cat","embeddable":true,"href":"https:\/\/farmaciasariaza.com.mx\/anterior\/wp-json\/wp\/v2\/product_cat?post=745"},{"taxonomy":"product_tag","embeddable":true,"href":"https:\/\/farmaciasariaza.com.mx\/anterior\/wp-json\/wp\/v2\/product_tag?post=745"}],"curies":[{"name":"wp","href":"https:\/\/api.w.org\/{rel}","templated":true}]}}