{"id":739,"date":"2025-11-05T15:24:06","date_gmt":"2025-11-05T15:24:06","guid":{"rendered":"https:\/\/farmaciasariaza.com.mx\/anterior\/?post_type=product&#038;p=739"},"modified":"2025-11-05T15:31:45","modified_gmt":"2025-11-05T15:31:45","slug":"complejo-b-diabetico-tab","status":"publish","type":"product","link":"https:\/\/farmaciasariaza.com.mx\/anterior\/product\/complejo-b-diabetico-tab\/","title":{"rendered":"COMPLEJO B DIAB\u00c9TICO TAB"},"content":{"rendered":"<p data-start=\"462\" data-end=\"904\"><strong>Complejo B Diab\u00e9tico Tabletas contiene vitaminas del complejo B, esenciales para el sistema nervioso y el aprovechamiento de la energ\u00eda.<\/strong><br data-start=\"602\" data-end=\"605\" \/><strong>Se recomienda como apoyo en personas con diabetes, especialmente cuando existe riesgo o presencia de neuropat\u00eda diab\u00e9tica, ayudando a disminuir molestias como hormigueo, adormecimiento o debilidad en extremidades.<\/strong><\/p>\n<p data-start=\"462\" data-end=\"904\"><br data-start=\"818\" data-end=\"821\" \/><strong>Debe complementarse con el tratamiento m\u00e9dico y el control metab\u00f3lico del paciente.<\/strong><\/p>\n","protected":false},"excerpt":{"rendered":"<p><strong data-start=\"205\" data-end=\"229\">Complejo B Diab\u00e9tico<\/strong> aporta vitaminas del grupo B que apoyan la funci\u00f3n nerviosa y el metabolismo energ\u00e9tico, siendo un coadyuvante en pacientes con diabetes para aliviar s\u00edntomas de neuropat\u00eda.<\/p>\n","protected":false},"featured_media":741,"comment_status":"open","ping_status":"closed","template":"","meta":[],"product_brand":[],"product_cat":[23],"product_tag":[38,33,36,37,35,34,39],"class_list":{"0":"post-739","1":"product","2":"type-product","3":"status-publish","4":"has-post-thumbnail","6":"product_cat-ofertas-otono","7":"product_tag-ciatica","8":"product_tag-complejo-b","9":"product_tag-dolor","10":"product_tag-hormigueo","11":"product_tag-piridoxina","12":"product_tag-tiamina","13":"product_tag-torticolis","15":"first","16":"instock","17":"shipping-taxable","18":"purchasable","19":"product-type-simple"},"_links":{"self":[{"href":"https:\/\/farmaciasariaza.com.mx\/anterior\/wp-json\/wp\/v2\/product\/739","targetHints":{"allow":["GET"]}}],"collection":[{"href":"https:\/\/farmaciasariaza.com.mx\/anterior\/wp-json\/wp\/v2\/product"}],"about":[{"href":"https:\/\/farmaciasariaza.com.mx\/anterior\/wp-json\/wp\/v2\/types\/product"}],"replies":[{"embeddable":true,"href":"https:\/\/farmaciasariaza.com.mx\/anterior\/wp-json\/wp\/v2\/comments?post=739"}],"wp:featuredmedia":[{"embeddable":true,"href":"https:\/\/farmaciasariaza.com.mx\/anterior\/wp-json\/wp\/v2\/media\/741"}],"wp:attachment":[{"href":"https:\/\/farmaciasariaza.com.mx\/anterior\/wp-json\/wp\/v2\/media?parent=739"}],"wp:term":[{"taxonomy":"product_brand","embeddable":true,"href":"https:\/\/farmaciasariaza.com.mx\/anterior\/wp-json\/wp\/v2\/product_brand?post=739"},{"taxonomy":"product_cat","embeddable":true,"href":"https:\/\/farmaciasariaza.com.mx\/anterior\/wp-json\/wp\/v2\/product_cat?post=739"},{"taxonomy":"product_tag","embeddable":true,"href":"https:\/\/farmaciasariaza.com.mx\/anterior\/wp-json\/wp\/v2\/product_tag?post=739"}],"curies":[{"name":"wp","href":"https:\/\/api.w.org\/{rel}","templated":true}]}}