{"id":736,"date":"2025-11-05T15:17:56","date_gmt":"2025-11-05T15:17:56","guid":{"rendered":"https:\/\/farmaciasariaza.com.mx\/anterior\/?post_type=product&#038;p=736"},"modified":"2025-11-05T15:18:01","modified_gmt":"2025-11-05T15:18:01","slug":"metmorfina-glibenclamida-tab-maviglin","status":"publish","type":"product","link":"https:\/\/farmaciasariaza.com.mx\/anterior\/product\/metmorfina-glibenclamida-tab-maviglin\/","title":{"rendered":"METMORFINA \/ GLIBENCLAMIDA TAB (MAVIGLIN)"},"content":{"rendered":"<p><strong>Maviglin combina Metformina y Glibenclamida para un manejo m\u00e1s completo de la diabetes mellitus tipo 2, cuando dieta y ejercicio no son suficientes.<\/strong><\/p>\n<p><br data-start=\"659\" data-end=\"662\" \/><strong>Act\u00faa reduciendo la producci\u00f3n de glucosa en el h\u00edgado, mejorando su aprovechamiento en los tejidos y favoreciendo la secreci\u00f3n de insulina.<\/strong><br data-start=\"802\" data-end=\"805\" \/><strong>Debe utilizarse bajo supervisi\u00f3n m\u00e9dica, ya que puede aumentar el riesgo de hipoglucemia, especialmente si se omiten comidas o se combina con alcohol.<\/strong><\/p>\n","protected":false},"excerpt":{"rendered":"<p>Maviglin combina Metformina y Glibenclamida para un manejo m\u00e1s completo de la diabetes mellitus tipo 2, cuando dieta y ejercicio no son suficientes. Act\u00faa reduciendo la producci\u00f3n de glucosa en el h\u00edgado, mejorando su aprovechamiento en los tejidos y favoreciendo la secreci\u00f3n de insulina.Debe utilizarse bajo supervisi\u00f3n m\u00e9dica, ya que puede aumentar el riesgo de [&hellip;]<\/p>\n","protected":false},"featured_media":737,"comment_status":"open","ping_status":"closed","template":"","meta":[],"product_brand":[],"product_cat":[23],"product_tag":[29,31,30],"class_list":{"0":"post-736","1":"product","2":"type-product","3":"status-publish","4":"has-post-thumbnail","6":"product_cat-ofertas-otono","7":"product_tag-antidiabetico","8":"product_tag-diabetes","9":"product_tag-glucemina","11":"first","12":"instock","13":"shipping-taxable","14":"purchasable","15":"product-type-simple"},"_links":{"self":[{"href":"https:\/\/farmaciasariaza.com.mx\/anterior\/wp-json\/wp\/v2\/product\/736","targetHints":{"allow":["GET"]}}],"collection":[{"href":"https:\/\/farmaciasariaza.com.mx\/anterior\/wp-json\/wp\/v2\/product"}],"about":[{"href":"https:\/\/farmaciasariaza.com.mx\/anterior\/wp-json\/wp\/v2\/types\/product"}],"replies":[{"embeddable":true,"href":"https:\/\/farmaciasariaza.com.mx\/anterior\/wp-json\/wp\/v2\/comments?post=736"}],"wp:featuredmedia":[{"embeddable":true,"href":"https:\/\/farmaciasariaza.com.mx\/anterior\/wp-json\/wp\/v2\/media\/737"}],"wp:attachment":[{"href":"https:\/\/farmaciasariaza.com.mx\/anterior\/wp-json\/wp\/v2\/media?parent=736"}],"wp:term":[{"taxonomy":"product_brand","embeddable":true,"href":"https:\/\/farmaciasariaza.com.mx\/anterior\/wp-json\/wp\/v2\/product_brand?post=736"},{"taxonomy":"product_cat","embeddable":true,"href":"https:\/\/farmaciasariaza.com.mx\/anterior\/wp-json\/wp\/v2\/product_cat?post=736"},{"taxonomy":"product_tag","embeddable":true,"href":"https:\/\/farmaciasariaza.com.mx\/anterior\/wp-json\/wp\/v2\/product_tag?post=736"}],"curies":[{"name":"wp","href":"https:\/\/api.w.org\/{rel}","templated":true}]}}