{"id":732,"date":"2025-11-05T15:01:00","date_gmt":"2025-11-05T15:01:00","guid":{"rendered":"https:\/\/farmaciasariaza.com.mx\/anterior\/?post_type=product&#038;p=732"},"modified":"2025-11-05T15:17:08","modified_gmt":"2025-11-05T15:17:08","slug":"metmorfina-850-mg-amsa","status":"publish","type":"product","link":"https:\/\/farmaciasariaza.com.mx\/anterior\/product\/metmorfina-850-mg-amsa\/","title":{"rendered":"METMORFINA 850 MG AMSA"},"content":{"rendered":"<p><strong>Metformina 850 mg AMSA es un medicamento de prescripci\u00f3n indicado en la diabetes mellitus tipo 2, como complemento a dieta y ejercicio. <\/strong><\/p>\n<p><strong>Act\u00faa mejorando la sensibilidad a la insulina y disminuyendo la producci\u00f3n de glucosa por el h\u00edgado. Es importante la valoraci\u00f3n de la funci\u00f3n renal y hep\u00e1tica previa al tratamiento, y debe utilizarse bajo supervisi\u00f3n m\u00e9dica. Pueden presentarse efectos gastrointestinales iniciales como n\u00e1useas o diarrea, los cuales suelen desaparecer con el tiempo.<\/strong><\/p>\n","protected":false},"excerpt":{"rendered":"<p data-start=\"220\" data-end=\"496\"><strong>Metformina 850 mg AMSA<\/strong> es un antidiab\u00e9tico oral de la familia de las biguanidas, indicado para el tratamiento de la diabetes tipo 2. Mejora la sensibilidad a la insulina, reduce la producci\u00f3n hep\u00e1tica de glucosa y contribuye al control de la glucemia en ayunas y postprandial.<\/p>\n","protected":false},"featured_media":738,"comment_status":"open","ping_status":"closed","template":"","meta":[],"product_brand":[],"product_cat":[23],"product_tag":[29,32,31],"class_list":{"0":"post-732","1":"product","2":"type-product","3":"status-publish","4":"has-post-thumbnail","6":"product_cat-ofertas-otono","7":"product_tag-antidiabetico","8":"product_tag-biguanidas","9":"product_tag-diabetes","11":"first","12":"instock","13":"shipping-taxable","14":"purchasable","15":"product-type-simple"},"_links":{"self":[{"href":"https:\/\/farmaciasariaza.com.mx\/anterior\/wp-json\/wp\/v2\/product\/732","targetHints":{"allow":["GET"]}}],"collection":[{"href":"https:\/\/farmaciasariaza.com.mx\/anterior\/wp-json\/wp\/v2\/product"}],"about":[{"href":"https:\/\/farmaciasariaza.com.mx\/anterior\/wp-json\/wp\/v2\/types\/product"}],"replies":[{"embeddable":true,"href":"https:\/\/farmaciasariaza.com.mx\/anterior\/wp-json\/wp\/v2\/comments?post=732"}],"wp:featuredmedia":[{"embeddable":true,"href":"https:\/\/farmaciasariaza.com.mx\/anterior\/wp-json\/wp\/v2\/media\/738"}],"wp:attachment":[{"href":"https:\/\/farmaciasariaza.com.mx\/anterior\/wp-json\/wp\/v2\/media?parent=732"}],"wp:term":[{"taxonomy":"product_brand","embeddable":true,"href":"https:\/\/farmaciasariaza.com.mx\/anterior\/wp-json\/wp\/v2\/product_brand?post=732"},{"taxonomy":"product_cat","embeddable":true,"href":"https:\/\/farmaciasariaza.com.mx\/anterior\/wp-json\/wp\/v2\/product_cat?post=732"},{"taxonomy":"product_tag","embeddable":true,"href":"https:\/\/farmaciasariaza.com.mx\/anterior\/wp-json\/wp\/v2\/product_tag?post=732"}],"curies":[{"name":"wp","href":"https:\/\/api.w.org\/{rel}","templated":true}]}}